{"id":157,"date":"2020-04-05T20:36:23","date_gmt":"2020-04-05T18:36:23","guid":{"rendered":"http:\/\/koscak-kotli.si\/?page_id=157"},"modified":"2020-04-06T14:37:23","modified_gmt":"2020-04-06T12:37:23","slug":"kotli-za-pripravo-zivinske-krme","status":"publish","type":"page","link":"http:\/\/koscak-kotli.si\/","title":{"rendered":"KOTLI ZA PRIPRAVO \u017dIVINSKE KRME"},"content":{"rendered":"\n<div class=\"wp-block-image\"><figure class=\"alignright size-large is-resized\"><img decoding=\"async\" loading=\"lazy\" src=\"http:\/\/koscak-kotli.si\/wp-content\/uploads\/2020\/04\/92287999_948521162232957_1096666808942854144_n-2-e1586113337671.jpg\" alt=\"\" class=\"wp-image-171\" width=\"162\" height=\"246\" srcset=\"http:\/\/koscak-kotli.si\/wp-content\/uploads\/2020\/04\/92287999_948521162232957_1096666808942854144_n-2-e1586113337671.jpg 518w, http:\/\/koscak-kotli.si\/wp-content\/uploads\/2020\/04\/92287999_948521162232957_1096666808942854144_n-2-e1586113337671-197x300.jpg 197w\" sizes=\"(max-width: 162px) 100vw, 162px\" \/><\/figure><\/div>\n\n\n\n<p>Kotle za pripravo \u017eivinske krme in \u017eganjekuho izdelujemo v osnovnih dimenzijah 60l, 80l, 100l, 120l, 150l, 200l. Za obnovo kotlov pa je mo\u017ena posamezna dobava pe\u010di ali vlo\u017ekov za kuhanje, tudi za modele ostalih proizvajalcev ali pa so lahko izdelani povsem po meri.<\/p>\n\n\n\n<p><strong>Spodnji del kotla &#8211; prekucna<\/strong> dvodelna pe\u010d (kotlenica) je narejena iz jeklene plo\u010devine <strong>debeline 3mm<\/strong>. Kuri\u0161\u010de pe\u010di je po\u0161evne oblike, zato da gorenje poteka na lito\u017eelezni re\u0161etki in ne potrebuje dodatne obzidave, saj ta oblika prina\u0161a najbolj\u0161i izkoristek kuriva. Prebarvana je z barvo, ki prenese temperaturo do 600\u00b0C.<\/p>\n\n\n\n<p>Glede na namen uporabe imamo v ponudbi 3 razli\u010dne izvedbe <strong>zgornjih delov kotla <\/strong>(posod) za kuhanje:<\/p>\n\n\n\n<div class=\"wp-block-group\"><div class=\"wp-block-group__inner-container is-layout-flow\">\n<ul><li><strong>ALUMINIJ<\/strong>: Debeline oboda &#8211; 2 mm, dno pa pri ve\u010djih volumnih 3mm. Je dober prevodnik toplote, zato je kuhanje hitro, zaradi nizkega tali\u0161\u010da pa moramo biti vedno zelo pozorni, da ga pred uporabo vedno napolnimo z vodo. Je dobro korozijsko obstojen vendar ga priporo\u010damo predvsem za pripravo \u017eivinske krme in za segrevanje vode. V kotlu je vlo\u017eek s cevjo, ki je potreben, da se vsebina kuha s paro.<\/li><\/ul>\n\n\n\n<ul><li><strong>INOX<\/strong>: debelina oboda \u2013 1,5 mm, dno pa 2 mm. Je korozijsko obstojen in kemijsko nevtralen, kar omogo\u010da kuhanje \u017eivil, predvsem pa je lahko zelo uporaben pri kolinah, saj poleg kuhanja omogo\u010da tudi pripravo ocvirkov. Da bi olaj\u0161ali kuhanje, \u0161e posebej pa cvretje, pod dno inox posode dodamo kovinsko plo\u0161\u010do, ki nam razporedi toploto enakomerneje po celi povr\u0161ini.<\/li><\/ul>\n\n\n\n<ul><li><strong>BAKER<\/strong>: debelina oboda \u2013 1,25 mm, dno pa 2mm ali ve\u010d, debelina kape 1-2 mm. Namenjeni so za kuhanje \u017eganja. Zunanjo posodo z enojnim dnom dopolnjuje \u0161e dodatno notranja iz perforirane plo\u010devine z luknjicami premera 3mm. Zadr\u017ei vse goste delce odmaknjene od stene posode in s tem prepre\u010di pri\u017eiganje. Posoda za hlajenje, ki je v kompletu, je iz inox plo\u010devine in z bakreno cevjo.<\/li><\/ul>\n<\/div><\/div>\n","protected":false},"excerpt":{"rendered":"<p>Kotle za pripravo \u017eivinske krme in \u017eganjekuho izdelujemo v osnovnih dimenzijah 60l, 80l, 100l, 120l, 150l, 200l. Za obnovo kotlov pa je mo\u017ena posamezna dobava pe\u010di ali vlo\u017ekov za kuhanje, tudi za modele ostalih proizvajalcev ali pa so lahko izdelani<\/p>\n","protected":false},"author":1,"featured_media":0,"parent":0,"menu_order":0,"comment_status":"closed","ping_status":"closed","template":"","meta":[],"_links":{"self":[{"href":"http:\/\/koscak-kotli.si\/index.php?rest_route=\/wp\/v2\/pages\/157"}],"collection":[{"href":"http:\/\/koscak-kotli.si\/index.php?rest_route=\/wp\/v2\/pages"}],"about":[{"href":"http:\/\/koscak-kotli.si\/index.php?rest_route=\/wp\/v2\/types\/page"}],"author":[{"embeddable":true,"href":"http:\/\/koscak-kotli.si\/index.php?rest_route=\/wp\/v2\/users\/1"}],"replies":[{"embeddable":true,"href":"http:\/\/koscak-kotli.si\/index.php?rest_route=%2Fwp%2Fv2%2Fcomments&post=157"}],"version-history":[{"count":9,"href":"http:\/\/koscak-kotli.si\/index.php?rest_route=\/wp\/v2\/pages\/157\/revisions"}],"predecessor-version":[{"id":241,"href":"http:\/\/koscak-kotli.si\/index.php?rest_route=\/wp\/v2\/pages\/157\/revisions\/241"}],"wp:attachment":[{"href":"http:\/\/koscak-kotli.si\/index.php?rest_route=%2Fwp%2Fv2%2Fmedia&parent=157"}],"curies":[{"name":"wp","href":"https:\/\/api.w.org\/{rel}","templated":true}]}}